{"id":107,"date":"2022-08-25T10:27:09","date_gmt":"2022-08-25T08:27:09","guid":{"rendered":"http:\/\/brunomursic.fr\/?page_id=107"},"modified":"2022-08-25T21:43:52","modified_gmt":"2022-08-25T19:43:52","slug":"entre-deux","status":"publish","type":"page","link":"https:\/\/brunomursic.fr\/index.php\/entre-deux\/","title":{"rendered":"Entre Deux"},"content":{"rendered":"\n<p>Chloe de Bretagne et Bruno Mursic<\/p>\n\n\n\n<figure class=\"wp-block-image size-large\"><img loading=\"lazy\" decoding=\"async\" width=\"892\" height=\"1024\" src=\"http:\/\/brunomursic.fr\/wp-content\/uploads\/2022\/06\/IMG_5FF18F11B07D-1-892x1024.jpeg\" alt=\"\" class=\"wp-image-41\" srcset=\"https:\/\/brunomursic.fr\/wp-content\/uploads\/2022\/06\/IMG_5FF18F11B07D-1-892x1024.jpeg 892w, https:\/\/brunomursic.fr\/wp-content\/uploads\/2022\/06\/IMG_5FF18F11B07D-1-261x300.jpeg 261w, https:\/\/brunomursic.fr\/wp-content\/uploads\/2022\/06\/IMG_5FF18F11B07D-1-768x882.jpeg 768w, https:\/\/brunomursic.fr\/wp-content\/uploads\/2022\/06\/IMG_5FF18F11B07D-1-1337x1536.jpeg 1337w, https:\/\/brunomursic.fr\/wp-content\/uploads\/2022\/06\/IMG_5FF18F11B07D-1.jpeg 1440w\" sizes=\"auto, (max-width: 892px) 100vw, 892px\" \/><\/figure>\n\n\n\n<p>La rencontre de deux guitares et de deux guitaristes<\/p>\n\n\n\n<p>&nbsp;&nbsp;&nbsp;&nbsp;&nbsp;&nbsp;&nbsp;&nbsp;&nbsp;&nbsp;&nbsp;&nbsp;La guitare de Chlo\u00e9 est plut\u00f4t classique, mais aussi un peu sud-am\u00e9ricaine, parfois espi\u00e8gle, mais toujours d\u00e9licate. Celle de Bruno est plut\u00f4t folk picking, jazzy, avec des notes celtiques et souvent impr\u00e9vue. C\u2019est la rencontre musicale, amicale et complice entre deux univers que Chlo\u00e9 et Bruno vous proposent \u00e0 travers un r\u00e9pertoire riche et vari\u00e9 puis\u00e9 dans toutes les musiques et chansons qu\u2019ils aiment.<\/p>\n\n\n\n<p>CD paru en 2021<\/p>\n\n\n\n<figure class=\"wp-block-image size-large\"><a href=\"http:\/\/brunomursic.fr\/index.php\/boutique\/\"><img loading=\"lazy\" decoding=\"async\" width=\"1024\" height=\"1019\" src=\"http:\/\/brunomursic.fr\/wp-content\/uploads\/2022\/06\/Capture-decran-2021-10-27-a-09.08.45-1024x1019.png\" alt=\"\" class=\"wp-image-40\" srcset=\"https:\/\/brunomursic.fr\/wp-content\/uploads\/2022\/06\/Capture-decran-2021-10-27-a-09.08.45-1024x1019.png 1024w, https:\/\/brunomursic.fr\/wp-content\/uploads\/2022\/06\/Capture-decran-2021-10-27-a-09.08.45-300x300.png 300w, https:\/\/brunomursic.fr\/wp-content\/uploads\/2022\/06\/Capture-decran-2021-10-27-a-09.08.45-150x150.png 150w, https:\/\/brunomursic.fr\/wp-content\/uploads\/2022\/06\/Capture-decran-2021-10-27-a-09.08.45-768x764.png 768w, https:\/\/brunomursic.fr\/wp-content\/uploads\/2022\/06\/Capture-decran-2021-10-27-a-09.08.45-1536x1528.png 1536w, https:\/\/brunomursic.fr\/wp-content\/uploads\/2022\/06\/Capture-decran-2021-10-27-a-09.08.45-1568x1560.png 1568w, https:\/\/brunomursic.fr\/wp-content\/uploads\/2022\/06\/Capture-decran-2021-10-27-a-09.08.45.png 1630w\" sizes=\"auto, (max-width: 1024px) 100vw, 1024px\" \/><\/a><\/figure>\n","protected":false},"excerpt":{"rendered":"<p>Chloe de Bretagne et Bruno Mursic La rencontre de deux guitares et de deux guitaristes &nbsp;&nbsp;&nbsp;&nbsp;&nbsp;&nbsp;&nbsp;&nbsp;&nbsp;&nbsp;&nbsp;&nbsp;La guitare de Chlo\u00e9 est plut\u00f4t classique, mais aussi un peu sud-am\u00e9ricaine, parfois espi\u00e8gle, mais toujours d\u00e9licate. Celle de Bruno est plut\u00f4t folk picking, jazzy, avec des notes celtiques et souvent impr\u00e9vue. C\u2019est la rencontre musicale, amicale et complice entre&hellip; <a class=\"more-link\" href=\"https:\/\/brunomursic.fr\/index.php\/entre-deux\/\">Poursuivre la lecture <span class=\"screen-reader-text\">Entre Deux<\/span><\/a><\/p>\n","protected":false},"author":1,"featured_media":0,"parent":0,"menu_order":0,"comment_status":"closed","ping_status":"closed","template":"","meta":{"footnotes":""},"class_list":["post-107","page","type-page","status-publish","hentry","entry"],"_links":{"self":[{"href":"https:\/\/brunomursic.fr\/index.php\/wp-json\/wp\/v2\/pages\/107","targetHints":{"allow":["GET"]}}],"collection":[{"href":"https:\/\/brunomursic.fr\/index.php\/wp-json\/wp\/v2\/pages"}],"about":[{"href":"https:\/\/brunomursic.fr\/index.php\/wp-json\/wp\/v2\/types\/page"}],"author":[{"embeddable":true,"href":"https:\/\/brunomursic.fr\/index.php\/wp-json\/wp\/v2\/users\/1"}],"replies":[{"embeddable":true,"href":"https:\/\/brunomursic.fr\/index.php\/wp-json\/wp\/v2\/comments?post=107"}],"version-history":[{"count":3,"href":"https:\/\/brunomursic.fr\/index.php\/wp-json\/wp\/v2\/pages\/107\/revisions"}],"predecessor-version":[{"id":217,"href":"https:\/\/brunomursic.fr\/index.php\/wp-json\/wp\/v2\/pages\/107\/revisions\/217"}],"wp:attachment":[{"href":"https:\/\/brunomursic.fr\/index.php\/wp-json\/wp\/v2\/media?parent=107"}],"curies":[{"name":"wp","href":"https:\/\/api.w.org\/{rel}","templated":true}]}}