{"id":111,"date":"2022-08-25T10:26:56","date_gmt":"2022-08-25T08:26:56","guid":{"rendered":"http:\/\/brunomursic.fr\/?page_id=111"},"modified":"2022-08-25T21:33:16","modified_gmt":"2022-08-25T19:33:16","slug":"beatles-guitar-and-co","status":"publish","type":"page","link":"https:\/\/brunomursic.fr\/index.php\/beatles-guitar-and-co\/","title":{"rendered":"Beatles, guitar and co"},"content":{"rendered":"\n<figure class=\"wp-block-image size-large\"><img loading=\"lazy\" decoding=\"async\" width=\"1024\" height=\"683\" src=\"http:\/\/brunomursic.fr\/wp-content\/uploads\/2022\/08\/IMG_0544-1024x683.jpg\" alt=\"\" class=\"wp-image-65\" srcset=\"https:\/\/brunomursic.fr\/wp-content\/uploads\/2022\/08\/IMG_0544-1024x683.jpg 1024w, https:\/\/brunomursic.fr\/wp-content\/uploads\/2022\/08\/IMG_0544-300x200.jpg 300w, https:\/\/brunomursic.fr\/wp-content\/uploads\/2022\/08\/IMG_0544-768x512.jpg 768w, https:\/\/brunomursic.fr\/wp-content\/uploads\/2022\/08\/IMG_0544-1536x1024.jpg 1536w, https:\/\/brunomursic.fr\/wp-content\/uploads\/2022\/08\/IMG_0544-2048x1365.jpg 2048w, https:\/\/brunomursic.fr\/wp-content\/uploads\/2022\/08\/IMG_0544-1568x1045.jpg 1568w\" sizes=\"auto, (max-width: 1024px) 100vw, 1024px\" \/><\/figure>\n\n\n\n<p>Hey Jude, Let it be, Help, Yesterday&#8230;&nbsp;\u0085 les plus grandes chansons des BEATLES jou\u00e9es et chant\u00e9es par des musiciens parmi les plus talentueux de la r\u00e9gion !&nbsp;<\/p>\n\n\n\n<p>Ce concert, c&rsquo;est aussi l&rsquo;occasion d&rsquo;\u00e9couter les chansons du groupe de Liverpool , interpr\u00e9t\u00e9es dans une version proche de l&rsquo;originale ou dans une version revisit\u00e9e, vocale ou instrumentale.<\/p>\n\n\n\n<p>Pour ce projet, le guitariste et chanteur Bruno Mursic a r\u00e9uni des \u00ab&nbsp;pointures&nbsp;\u00bb de la r\u00e9gion : G\u00e9rard Butcher (guitares), Xavier Laune (harmonica), une section rythmique (basse, percussions), un groupe de chanteurs et chanteuses (H\u00e9l\u00e8ne, Ma\u00eblle et Marion Mursic, Jean Jacques Lamour) et un ensemble de guitares, soit pr\u00e8s de 20 artistes sur sc\u00e8ne.<\/p>\n\n\n\n<p>Un spectacle unique et inoubliable pour toutes les g\u00e9n\u00e9rations, les chansons des Beatles font partie de la m\u00e9moire collective.<\/p>\n\n\n\n<figure class=\"wp-block-image size-large\"><img loading=\"lazy\" decoding=\"async\" width=\"1024\" height=\"683\" src=\"http:\/\/brunomursic.fr\/wp-content\/uploads\/2022\/08\/IMG_0570-1024x683.jpg\" alt=\"\" class=\"wp-image-73\" srcset=\"https:\/\/brunomursic.fr\/wp-content\/uploads\/2022\/08\/IMG_0570-1024x683.jpg 1024w, https:\/\/brunomursic.fr\/wp-content\/uploads\/2022\/08\/IMG_0570-300x200.jpg 300w, https:\/\/brunomursic.fr\/wp-content\/uploads\/2022\/08\/IMG_0570-768x512.jpg 768w, https:\/\/brunomursic.fr\/wp-content\/uploads\/2022\/08\/IMG_0570-1536x1024.jpg 1536w, https:\/\/brunomursic.fr\/wp-content\/uploads\/2022\/08\/IMG_0570-2048x1365.jpg 2048w, https:\/\/brunomursic.fr\/wp-content\/uploads\/2022\/08\/IMG_0570-1568x1045.jpg 1568w\" sizes=\"auto, (max-width: 1024px) 100vw, 1024px\" \/><\/figure>\n\n\n\n<figure class=\"wp-block-image size-large is-resized\"><a href=\"http:\/\/brunomursic.fr\/index.php\/boutique\/\"><img loading=\"lazy\" decoding=\"async\" src=\"http:\/\/brunomursic.fr\/wp-content\/uploads\/2022\/08\/Capture-decran-2022-08-19-a-21.29.36-1024x933.png\" alt=\"\" class=\"wp-image-112\" width=\"293\" height=\"267\" srcset=\"https:\/\/brunomursic.fr\/wp-content\/uploads\/2022\/08\/Capture-decran-2022-08-19-a-21.29.36-1024x933.png 1024w, https:\/\/brunomursic.fr\/wp-content\/uploads\/2022\/08\/Capture-decran-2022-08-19-a-21.29.36-300x273.png 300w, https:\/\/brunomursic.fr\/wp-content\/uploads\/2022\/08\/Capture-decran-2022-08-19-a-21.29.36-768x699.png 768w, https:\/\/brunomursic.fr\/wp-content\/uploads\/2022\/08\/Capture-decran-2022-08-19-a-21.29.36.png 1254w\" sizes=\"auto, (max-width: 293px) 100vw, 293px\" \/><\/a><\/figure>\n\n\n\n<p>Cd paru en 2017<\/p>\n","protected":false},"excerpt":{"rendered":"<p>Hey Jude, Let it be, Help, Yesterday&#8230;&nbsp;\u0085 les plus grandes chansons des BEATLES jou\u00e9es et chant\u00e9es par des musiciens parmi les plus talentueux de la r\u00e9gion !&nbsp; Ce concert, c&rsquo;est aussi l&rsquo;occasion d&rsquo;\u00e9couter les chansons du groupe de Liverpool , interpr\u00e9t\u00e9es dans une version proche de l&rsquo;originale ou dans une version revisit\u00e9e, vocale ou instrumentale.&hellip; <a class=\"more-link\" href=\"https:\/\/brunomursic.fr\/index.php\/beatles-guitar-and-co\/\">Poursuivre la lecture <span class=\"screen-reader-text\">Beatles, guitar and co<\/span><\/a><\/p>\n","protected":false},"author":1,"featured_media":0,"parent":0,"menu_order":0,"comment_status":"closed","ping_status":"closed","template":"","meta":{"footnotes":""},"class_list":["post-111","page","type-page","status-publish","hentry","entry"],"_links":{"self":[{"href":"https:\/\/brunomursic.fr\/index.php\/wp-json\/wp\/v2\/pages\/111","targetHints":{"allow":["GET"]}}],"collection":[{"href":"https:\/\/brunomursic.fr\/index.php\/wp-json\/wp\/v2\/pages"}],"about":[{"href":"https:\/\/brunomursic.fr\/index.php\/wp-json\/wp\/v2\/types\/page"}],"author":[{"embeddable":true,"href":"https:\/\/brunomursic.fr\/index.php\/wp-json\/wp\/v2\/users\/1"}],"replies":[{"embeddable":true,"href":"https:\/\/brunomursic.fr\/index.php\/wp-json\/wp\/v2\/comments?post=111"}],"version-history":[{"count":5,"href":"https:\/\/brunomursic.fr\/index.php\/wp-json\/wp\/v2\/pages\/111\/revisions"}],"predecessor-version":[{"id":211,"href":"https:\/\/brunomursic.fr\/index.php\/wp-json\/wp\/v2\/pages\/111\/revisions\/211"}],"wp:attachment":[{"href":"https:\/\/brunomursic.fr\/index.php\/wp-json\/wp\/v2\/media?parent=111"}],"curies":[{"name":"wp","href":"https:\/\/api.w.org\/{rel}","templated":true}]}}