{"id":118,"date":"2022-08-25T10:28:31","date_gmt":"2022-08-25T08:28:31","guid":{"rendered":"http:\/\/brunomursic.fr\/?page_id=118"},"modified":"2022-12-22T18:32:51","modified_gmt":"2022-12-22T17:32:51","slug":"gerard-butcher-et-bruno-mursic","status":"publish","type":"page","link":"https:\/\/brunomursic.fr\/index.php\/gerard-butcher-et-bruno-mursic\/","title":{"rendered":"G\u00e9rard Butcher et Bruno Mursic"},"content":{"rendered":"\n<p>Duo de GUITARES ACOUSTIQUES<\/p>\n\n\n\n<figure class=\"wp-block-image size-large\"><img loading=\"lazy\" decoding=\"async\" width=\"1024\" height=\"459\" src=\"http:\/\/brunomursic.fr\/wp-content\/uploads\/2022\/08\/Capture-decran-2022-08-25-a-21.29.14-1024x459.png\" alt=\"\" class=\"wp-image-208\" srcset=\"https:\/\/brunomursic.fr\/wp-content\/uploads\/2022\/08\/Capture-decran-2022-08-25-a-21.29.14-1024x459.png 1024w, https:\/\/brunomursic.fr\/wp-content\/uploads\/2022\/08\/Capture-decran-2022-08-25-a-21.29.14-300x135.png 300w, https:\/\/brunomursic.fr\/wp-content\/uploads\/2022\/08\/Capture-decran-2022-08-25-a-21.29.14-768x345.png 768w, https:\/\/brunomursic.fr\/wp-content\/uploads\/2022\/08\/Capture-decran-2022-08-25-a-21.29.14-1536x689.png 1536w, https:\/\/brunomursic.fr\/wp-content\/uploads\/2022\/08\/Capture-decran-2022-08-25-a-21.29.14-1568x703.png 1568w, https:\/\/brunomursic.fr\/wp-content\/uploads\/2022\/08\/Capture-decran-2022-08-25-a-21.29.14.png 1654w\" sizes=\"auto, (max-width: 1024px) 100vw, 1024px\" \/><\/figure>\n\n\n\n<p>&nbsp;&nbsp;&nbsp;&nbsp;&nbsp;&nbsp;&nbsp;&nbsp;&nbsp;&nbsp;&nbsp;&nbsp;Le duo&nbsp;<strong>Bruno Mursic &#8211; G\u00e9rard Butcher<\/strong>&nbsp;&nbsp;se produit r\u00e9guli\u00e8rement \u00e0 l&rsquo;affiche avec les plus grands: Larry Coryell, Charlie Mc Coy, Bireli Lagrene, Roland Dyens, Jim Nichols, Jean-F\u00e9lix Lalanne, Christian Escoud\u00e9&#8230;<\/p>\n\n\n\n<p>Leur spectacle repr\u00e9sente un panorama du r\u00e9pertoire pour guitare dans sa plus grande diversit\u00e9: compositions, fingerstyle, flamenco, musique br\u00e9silienne, classique et m\u00eame le jazz manouche tout en laissant une large place \u00e0 l&rsquo;\u00e9change et \u00e0 l&rsquo;improvisation<\/p>\n\n\n\n<p><strong>G\u00e9rard BUTCHER<\/strong>&nbsp;&nbsp;est un guitariste aux multiples facettes puisqu&rsquo;il aborde avec une \u00e9gale r\u00e9ussite le r\u00e9pertoire classique, jazz manouche ou flamenco.<\/p>\n\n\n\n<p>Titulaire d&rsquo;un prix de Conservatoire, il a \u00e9galement particip\u00e9 \u00e0 la cr\u00e9ation de groupes rock.<\/p>\n\n\n\n<p>Musicien demand\u00e9 dans de nombreuses formations, il joue depuis plusieurs ann\u00e9es avec Bruno Mursic et participe \u00e0 plusieurs de ses cr\u00e9ations.<\/p>\n\n\n\n<p>Son CD \u00ab\u00a0Munanza\u00a0\u00bb est sorti en 2011.<\/p>\n\n\n\n<figure class=\"wp-block-image size-large\"><img loading=\"lazy\" decoding=\"async\" width=\"1024\" height=\"683\" src=\"http:\/\/brunomursic.fr\/wp-content\/uploads\/2022\/08\/IMG_0549-1-1024x683.jpg\" alt=\"\" class=\"wp-image-67\" srcset=\"https:\/\/brunomursic.fr\/wp-content\/uploads\/2022\/08\/IMG_0549-1-1024x683.jpg 1024w, https:\/\/brunomursic.fr\/wp-content\/uploads\/2022\/08\/IMG_0549-1-300x200.jpg 300w, https:\/\/brunomursic.fr\/wp-content\/uploads\/2022\/08\/IMG_0549-1-768x512.jpg 768w, https:\/\/brunomursic.fr\/wp-content\/uploads\/2022\/08\/IMG_0549-1-1536x1024.jpg 1536w, https:\/\/brunomursic.fr\/wp-content\/uploads\/2022\/08\/IMG_0549-1-2048x1365.jpg 2048w, https:\/\/brunomursic.fr\/wp-content\/uploads\/2022\/08\/IMG_0549-1-1568x1045.jpg 1568w\" sizes=\"auto, (max-width: 1024px) 100vw, 1024px\" \/><\/figure>\n\n\n\n<p><strong>Samedi 18 mars 2023<\/strong>: \u00ab\u00a0F\u00eate de la Guitare\u00a0\u00bb au Kursaal \u00e0 Berck-sur-mer avec Antoine Tatich, G\u00e9rard Butcher et Bruno Mursic (\u00ab\u00a0Du picking au manouche, en passant par le Br\u00e9sil\u00a0\u00bb)<\/p>\n","protected":false},"excerpt":{"rendered":"<p>Duo de GUITARES ACOUSTIQUES &nbsp;&nbsp;&nbsp;&nbsp;&nbsp;&nbsp;&nbsp;&nbsp;&nbsp;&nbsp;&nbsp;&nbsp;Le duo&nbsp;Bruno Mursic &#8211; G\u00e9rard Butcher&nbsp;&nbsp;se produit r\u00e9guli\u00e8rement \u00e0 l&rsquo;affiche avec les plus grands: Larry Coryell, Charlie Mc Coy, Bireli Lagrene, Roland Dyens, Jim Nichols, Jean-F\u00e9lix Lalanne, Christian Escoud\u00e9&#8230; Leur spectacle repr\u00e9sente un panorama du r\u00e9pertoire pour guitare dans sa plus grande diversit\u00e9: compositions, fingerstyle, flamenco, musique br\u00e9silienne, classique et m\u00eame&hellip; <a class=\"more-link\" href=\"https:\/\/brunomursic.fr\/index.php\/gerard-butcher-et-bruno-mursic\/\">Poursuivre la lecture <span class=\"screen-reader-text\">G\u00e9rard Butcher et Bruno Mursic<\/span><\/a><\/p>\n","protected":false},"author":1,"featured_media":0,"parent":0,"menu_order":0,"comment_status":"closed","ping_status":"closed","template":"","meta":{"footnotes":""},"class_list":["post-118","page","type-page","status-publish","hentry","entry"],"_links":{"self":[{"href":"https:\/\/brunomursic.fr\/index.php\/wp-json\/wp\/v2\/pages\/118","targetHints":{"allow":["GET"]}}],"collection":[{"href":"https:\/\/brunomursic.fr\/index.php\/wp-json\/wp\/v2\/pages"}],"about":[{"href":"https:\/\/brunomursic.fr\/index.php\/wp-json\/wp\/v2\/types\/page"}],"author":[{"embeddable":true,"href":"https:\/\/brunomursic.fr\/index.php\/wp-json\/wp\/v2\/users\/1"}],"replies":[{"embeddable":true,"href":"https:\/\/brunomursic.fr\/index.php\/wp-json\/wp\/v2\/comments?post=118"}],"version-history":[{"count":3,"href":"https:\/\/brunomursic.fr\/index.php\/wp-json\/wp\/v2\/pages\/118\/revisions"}],"predecessor-version":[{"id":298,"href":"https:\/\/brunomursic.fr\/index.php\/wp-json\/wp\/v2\/pages\/118\/revisions\/298"}],"wp:attachment":[{"href":"https:\/\/brunomursic.fr\/index.php\/wp-json\/wp\/v2\/media?parent=118"}],"curies":[{"name":"wp","href":"https:\/\/api.w.org\/{rel}","templated":true}]}}