{"id":14,"date":"2022-05-29T16:58:32","date_gmt":"2022-05-29T14:58:32","guid":{"rendered":"http:\/\/brunomursic.fr\/?page_id=14"},"modified":"2022-12-22T18:37:37","modified_gmt":"2022-12-22T17:37:37","slug":"zik-trio","status":"publish","type":"page","link":"https:\/\/brunomursic.fr\/index.php\/zik-trio\/","title":{"rendered":"Zik trio"},"content":{"rendered":"\n<div class=\"wp-block-group alignfull\"><div class=\"wp-block-group__inner-container is-layout-flow wp-block-group-is-layout-flow\">\n<figure class=\"wp-block-image size-full\"><img loading=\"lazy\" decoding=\"async\" width=\"1024\" height=\"682\" src=\"http:\/\/brunomursic.fr\/wp-content\/uploads\/2022\/05\/DSC08356.jpg\" alt=\"\" class=\"wp-image-8\" srcset=\"https:\/\/brunomursic.fr\/wp-content\/uploads\/2022\/05\/DSC08356.jpg 1024w, https:\/\/brunomursic.fr\/wp-content\/uploads\/2022\/05\/DSC08356-300x200.jpg 300w, https:\/\/brunomursic.fr\/wp-content\/uploads\/2022\/05\/DSC08356-768x512.jpg 768w\" sizes=\"auto, (max-width: 1024px) 100vw, 1024px\" \/><\/figure>\n<\/div><\/div>\n\n\n\n<p><strong>\u00ab&nbsp;Cordes en Voyage&nbsp;\u00bb<\/strong><\/p>\n\n\n\n<p>Deux harpes et deux guitares pour un voyage musical<\/p>\n\n\n\n<p>La formation&nbsp;<strong>ZIK TRIO<\/strong>&nbsp;existe depuis plusieurs ann\u00e9es et r\u00e9unit trois amis, musiciens, complices et passionn\u00e9s, heureux de vous faire d\u00e9couvrir ou red\u00e9couvrir des musiques et chants du monde, partant des terres celtiques (Bretagne, Irlande, Galice) et allant volontiers vers d\u2019autres contr\u00e9es (pays de l\u2019Est, Afrique, Br\u00e9sil\u2026)<\/p>\n\n\n\n<p>Elle devient aujourd\u2019hui<strong> ZIK 2 3 4 <\/strong>gr\u00e2ce \u00e0 l\u2019arriv\u00e9e dans le groupe de la harpiste classique Nathalie Labb\u00e9 \u00e9largissant alors le r\u00e9pertoire vers un univers musical plus riche encore\u00a0: duos, trios et quatuors se r\u00e9unissant volontiers sur des titres irlandais, bretons mais aussi par des emprunts aux Beatles ou \u00e0 Metallica,<\/p>\n\n\n\n<p>Harpes, guitares, voix et fl\u00fbtes irlandaises se m\u00ealent pour partager avec vous ce voyage musical.<\/p>\n\n\n\n<p>Avec&nbsp;<strong>H\u00e9l\u00e8ne Mursic<\/strong>&nbsp;(harpe celtique et voix),&nbsp;<strong>Bruno Mursic<\/strong>&nbsp;(guitares, fl\u00fbtes et voix) et&nbsp;<strong>G\u00e9rard Butcher<\/strong>&nbsp;(guitare et voix) et la participation exceptionnelle de&nbsp;<strong>Nathalie Labb\u00e9<\/strong> (harpe)<\/p>\n\n\n\n<p><\/p>\n\n\n\n<p><a href=\"http:\/\/brunomursic.fr\/index.php\/boutique\/\" data-type=\"page\" data-id=\"42\">CD paru en septembre 2022.<\/a><\/p>\n\n\n\n<figure class=\"wp-block-image size-large\"><img loading=\"lazy\" decoding=\"async\" width=\"1024\" height=\"659\" src=\"http:\/\/brunomursic.fr\/wp-content\/uploads\/2022\/08\/Capture-decran-2022-08-19-a-20.58.50-1-1024x659.png\" alt=\"\" class=\"wp-image-106\" srcset=\"https:\/\/brunomursic.fr\/wp-content\/uploads\/2022\/08\/Capture-decran-2022-08-19-a-20.58.50-1-1024x659.png 1024w, https:\/\/brunomursic.fr\/wp-content\/uploads\/2022\/08\/Capture-decran-2022-08-19-a-20.58.50-1-300x193.png 300w, https:\/\/brunomursic.fr\/wp-content\/uploads\/2022\/08\/Capture-decran-2022-08-19-a-20.58.50-1-768x494.png 768w, https:\/\/brunomursic.fr\/wp-content\/uploads\/2022\/08\/Capture-decran-2022-08-19-a-20.58.50-1-1536x989.png 1536w, https:\/\/brunomursic.fr\/wp-content\/uploads\/2022\/08\/Capture-decran-2022-08-19-a-20.58.50-1-1568x1009.png 1568w, https:\/\/brunomursic.fr\/wp-content\/uploads\/2022\/08\/Capture-decran-2022-08-19-a-20.58.50-1.png 1936w\" sizes=\"auto, (max-width: 1024px) 100vw, 1024px\" \/><\/figure>\n","protected":false},"excerpt":{"rendered":"<p>\u00ab&nbsp;Cordes en Voyage&nbsp;\u00bb Deux harpes et deux guitares pour un voyage musical La formation&nbsp;ZIK TRIO&nbsp;existe depuis plusieurs ann\u00e9es et r\u00e9unit trois amis, musiciens, complices et passionn\u00e9s, heureux de vous faire d\u00e9couvrir ou red\u00e9couvrir des musiques et chants du monde, partant des terres celtiques (Bretagne, Irlande, Galice) et allant volontiers vers d\u2019autres contr\u00e9es (pays de l\u2019Est,&hellip; <a class=\"more-link\" href=\"https:\/\/brunomursic.fr\/index.php\/zik-trio\/\">Poursuivre la lecture <span class=\"screen-reader-text\">Zik trio<\/span><\/a><\/p>\n","protected":false},"author":1,"featured_media":0,"parent":0,"menu_order":0,"comment_status":"closed","ping_status":"closed","template":"","meta":{"footnotes":""},"class_list":["post-14","page","type-page","status-publish","hentry","entry"],"_links":{"self":[{"href":"https:\/\/brunomursic.fr\/index.php\/wp-json\/wp\/v2\/pages\/14","targetHints":{"allow":["GET"]}}],"collection":[{"href":"https:\/\/brunomursic.fr\/index.php\/wp-json\/wp\/v2\/pages"}],"about":[{"href":"https:\/\/brunomursic.fr\/index.php\/wp-json\/wp\/v2\/types\/page"}],"author":[{"embeddable":true,"href":"https:\/\/brunomursic.fr\/index.php\/wp-json\/wp\/v2\/users\/1"}],"replies":[{"embeddable":true,"href":"https:\/\/brunomursic.fr\/index.php\/wp-json\/wp\/v2\/comments?post=14"}],"version-history":[{"count":10,"href":"https:\/\/brunomursic.fr\/index.php\/wp-json\/wp\/v2\/pages\/14\/revisions"}],"predecessor-version":[{"id":302,"href":"https:\/\/brunomursic.fr\/index.php\/wp-json\/wp\/v2\/pages\/14\/revisions\/302"}],"wp:attachment":[{"href":"https:\/\/brunomursic.fr\/index.php\/wp-json\/wp\/v2\/media?parent=14"}],"curies":[{"name":"wp","href":"https:\/\/api.w.org\/{rel}","templated":true}]}}