{"id":168,"date":"2022-08-25T10:40:56","date_gmt":"2022-08-25T08:40:56","guid":{"rendered":"http:\/\/brunomursic.fr\/?page_id=168"},"modified":"2022-08-25T10:40:56","modified_gmt":"2022-08-25T08:40:56","slug":"bruno-mursic-guitare-solo","status":"publish","type":"page","link":"https:\/\/brunomursic.fr\/index.php\/bruno-mursic-guitare-solo\/","title":{"rendered":"Bruno Mursic, guitare solo"},"content":{"rendered":"\n<figure class=\"wp-block-image size-large is-resized\"><img loading=\"lazy\" decoding=\"async\" src=\"http:\/\/brunomursic.fr\/wp-content\/uploads\/2022\/08\/IMG_9329-scaled-e1661416628543-1024x863.jpg\" alt=\"\" class=\"wp-image-76\" width=\"561\" height=\"472\" srcset=\"https:\/\/brunomursic.fr\/wp-content\/uploads\/2022\/08\/IMG_9329-scaled-e1661416628543-1024x863.jpg 1024w, https:\/\/brunomursic.fr\/wp-content\/uploads\/2022\/08\/IMG_9329-scaled-e1661416628543-300x253.jpg 300w, https:\/\/brunomursic.fr\/wp-content\/uploads\/2022\/08\/IMG_9329-scaled-e1661416628543-768x648.jpg 768w, https:\/\/brunomursic.fr\/wp-content\/uploads\/2022\/08\/IMG_9329-scaled-e1661416628543-1536x1295.jpg 1536w, https:\/\/brunomursic.fr\/wp-content\/uploads\/2022\/08\/IMG_9329-scaled-e1661416628543-1568x1322.jpg 1568w, https:\/\/brunomursic.fr\/wp-content\/uploads\/2022\/08\/IMG_9329-scaled-e1661416628543.jpg 1920w\" sizes=\"auto, (max-width: 561px) 100vw, 561px\" \/><\/figure>\n\n\n\n<p>Les spectacles de Bruno Mursic sont le reflet de ses nombreuses influences musicales. Il nous entraine dans un voyage musical \u00e0 travers ses compositions personnelles, ses arrangements originaux de chansons fran\u00e7aises ou internationales, des incursions dans la musique country picking, la musique br\u00e9silienne ou la musique celtique.<\/p>\n","protected":false},"excerpt":{"rendered":"<p>Les spectacles de Bruno Mursic sont le reflet de ses nombreuses influences musicales. Il nous entraine dans un voyage musical \u00e0 travers ses compositions personnelles, ses arrangements originaux de chansons fran\u00e7aises ou internationales, des incursions dans la musique country picking, la musique br\u00e9silienne ou la musique celtique.<\/p>\n","protected":false},"author":1,"featured_media":0,"parent":0,"menu_order":0,"comment_status":"closed","ping_status":"closed","template":"","meta":{"footnotes":""},"class_list":["post-168","page","type-page","status-publish","hentry","entry"],"_links":{"self":[{"href":"https:\/\/brunomursic.fr\/index.php\/wp-json\/wp\/v2\/pages\/168","targetHints":{"allow":["GET"]}}],"collection":[{"href":"https:\/\/brunomursic.fr\/index.php\/wp-json\/wp\/v2\/pages"}],"about":[{"href":"https:\/\/brunomursic.fr\/index.php\/wp-json\/wp\/v2\/types\/page"}],"author":[{"embeddable":true,"href":"https:\/\/brunomursic.fr\/index.php\/wp-json\/wp\/v2\/users\/1"}],"replies":[{"embeddable":true,"href":"https:\/\/brunomursic.fr\/index.php\/wp-json\/wp\/v2\/comments?post=168"}],"version-history":[{"count":2,"href":"https:\/\/brunomursic.fr\/index.php\/wp-json\/wp\/v2\/pages\/168\/revisions"}],"predecessor-version":[{"id":219,"href":"https:\/\/brunomursic.fr\/index.php\/wp-json\/wp\/v2\/pages\/168\/revisions\/219"}],"wp:attachment":[{"href":"https:\/\/brunomursic.fr\/index.php\/wp-json\/wp\/v2\/media?parent=168"}],"curies":[{"name":"wp","href":"https:\/\/api.w.org\/{rel}","templated":true}]}}