{"id":401,"date":"2024-08-30T17:33:58","date_gmt":"2024-08-30T15:33:58","guid":{"rendered":"http:\/\/brunomursic.fr\/?page_id=401"},"modified":"2025-08-21T16:46:59","modified_gmt":"2025-08-21T14:46:59","slug":"association-si-becarre","status":"publish","type":"page","link":"https:\/\/brunomursic.fr\/index.php\/association-si-becarre\/","title":{"rendered":"Association Si B\u00e9carre"},"content":{"rendered":"\n<p style=\"font-size:38px\"><strong>2025-2026<\/strong><\/p>\n\n\n\n<p>COURS ET ATELIERS MUSIQUE A BERCK SUR MER <\/p>\n\n\n\n<p>Description des ateliers&nbsp;:<\/p>\n\n\n\n<p><strong>GUITARE et CHANSONS<\/strong><\/p>\n\n\n\n<p>Apprendre \u00e0 jouer de la guitare et \u00e0 chanter en m\u00eame temps en groupe et de mani\u00e8re conviviale, gr\u00e2ce \u00e0 un vaste r\u00e9pertoire de chansons fran\u00e7aises et internationales, selon une m\u00e9thode ludique et progressive. De nombreux styles sont abord\u00e9s&nbsp;: folk, jazz, bossa, blues, rock&#8230;&nbsp;<\/p>\n\n\n\n<p>L\u2019atelier d\u00e9butant permet aussi l\u2019apprentissage du ukul\u00e9l\u00e9 (en remplacement de la guitare)<\/p>\n\n\n\n<p><strong>GUITARE ACOUSTIQUE&nbsp;<\/strong><\/p>\n\n\n\n<p>Guitare classique ou guitare folk&nbsp;: apprendre la guitare instrumentale avec une m\u00e9thode simple (tablature ou solf\u00e8ge)&nbsp;: r\u00e9pertoire classique, folk, jazz, pop, bossa\u2026<\/p>\n\n\n\n<p><strong>CHANT COLLECTIF<\/strong><em><\/em><\/p>\n\n\n\n<p>Prendre plaisir et apprendre \u00e0 chanter en collectif en petit effectif et \u00e0 plusieurs voix, dans un r\u00e9pertoire vari\u00e9 de chansons fran\u00e7aises et internationales, parfois en collaboration avec les guitaristes.&nbsp;<\/p>\n\n\n\n<p><strong>UKULELE<\/strong><\/p>\n\n\n\n<p>Le ukul\u00e9l\u00e9 est un instrument de musique de plus en plus populaire \u00e0 travers le monde. Abordable, l\u00e9ger et facile \u00e0 transporter, il offre un apprentissage progressif et simple.&nbsp;<\/p>\n\n\n\n<p>Id\u00e9al pour jouer seul, il permet aussi de faire de la musique en famille ou entre amis. Il est aussi l\u2019instrument parfait pour l\u2019accompagnement de chansons pour petits et grands.&nbsp;<\/p>\n\n\n\n<p><strong>EVEIL MUSICAL<\/strong><\/p>\n\n\n\n<p>L\u2019<strong>\u00e9veil musical<\/strong>&nbsp;est une activit\u00e9 pour les tous petits, espace de libert\u00e9, de d\u00e9couverte et d\u2019exp\u00e9rimentation du monde sonore \u00e0 la rencontre des autres et de soi-m\u00eame, dans un cadre bienveillant. C\u2019est une approche globale de la musique qui donne la part belle \u00e0 l\u2019\u00e9coute active, au corporel et au respect de la relation.<\/p>\n\n\n\n<p><strong>HARPE CELTIQUE<\/strong><\/p>\n\n\n\n<p>La harpe celtique est un instrument traditionnel permettant un apprentissage oral. Accessible m\u00eame sans solf\u00e8ge pour adultes ou enfants d\u00e8s 7 ans, cet instrument passionnant et envoutant offre un r\u00e9pertoire vari\u00e9 prenant ses sources dans les musiques celtiques et du monde. Possibilit\u00e9 de louer un instrument.&nbsp;<\/p>\n\n\n\n<p><strong>CHANT INDIVIDUEL<\/strong><\/p>\n\n\n\n<p>Le cours de chant individuel est un atelier personnalis\u00e9 permettant \u00e0 l\u2019\u00e9l\u00e8ve de d\u00e9velopper son potentiel gr\u00e2ce \u00e0 un travail dans la bienveillance et des conseils pour am\u00e9liorer sa voix. Des \u00e9chauffements et exercices de technique vocale seront propos\u00e9s et le r\u00e9pertoire sera choisi en accord entre le professeur et l\u2019\u00e9l\u00e8ve afin de progresser dans la recherche de la qualit\u00e9 et du plaisir musical.<\/p>\n\n\n\n<p><\/p>\n\n\n\n<p><\/p>\n\n\n\n<p>Les inscriptions aux diff\u00e9rents ateliers seront prises lors des permanences qui auront lieu au local de l\u2019association (Maison des Associations, bd de Boulogne \u00e0 Berck) aux dates suivantes&nbsp;:<\/p>\n\n\n\n<p>\u00a0&#8211; \u00a0<strong>Mercredi 3 septembre\u00a0<\/strong>de 14h \u00e0 16h\u00a0<\/p>\n\n\n\n<p>&#8211; \u00a0<strong>Jeudi 4 septembre\u00a0<\/strong>de 18h \u00e0 20h\u00a0(<\/p>\n\n\n\n<p>&#8211; \u00a0<strong>Lundi 8 septembre\u00a0<\/strong>de 18h \u00e0 20h\u00a0\u00a0<\/p>\n\n\n\n<p>&#8211; \u00a0<strong>Mercredi 10 septembre\u00a0<\/strong>de 14h \u00e0 16h\u00a0<\/p>\n\n\n\n<ul class=\"wp-block-list\">\n<li><strong>REPRISE DES COURS A PARTIR DU LUNDI 15 SEPTEMBRE POUR L\u2019ENSEMBLE VOCAL et le LUNDI 22 SEPTEMBRE pour les autres ateliers (selon l\u2019emploi du temps)\u00a0<\/strong><\/li>\n<\/ul>\n\n\n\n<p>En cas d\u2019impossibilit\u00e9 de se rendre aux permanences, prendre contact par t\u00e9l\u00e9phone (03 21 09 36 60) ou par mail (bruno.mursic@orange.fr)<\/p>\n\n\n\n<div data-wp-interactive=\"core\/file\" class=\"wp-block-file\"><object data-wp-bind--hidden=\"!state.hasPdfPreview\" hidden class=\"wp-block-file__embed\" data=\"http:\/\/brunomursic.fr\/wp-content\/uploads\/2025\/08\/Si-Becarre-Rentree-2025-2026.pdf\" type=\"application\/pdf\" style=\"width:100%;height:600px\" aria-label=\"Contenu embarqu\u00e9 Si B\u00e9carre Rentr\u00e9e 2025-2026.\"><\/object><a id=\"wp-block-file--media-9a745adc-5acc-4880-a587-98a3218cb25f\" href=\"http:\/\/brunomursic.fr\/wp-content\/uploads\/2025\/08\/Si-Becarre-Rentree-2025-2026.pdf\">Si B\u00e9carre Rentr\u00e9e 2025-2026<\/a><a href=\"http:\/\/brunomursic.fr\/wp-content\/uploads\/2025\/08\/Si-Becarre-Rentree-2025-2026.pdf\" class=\"wp-block-file__button wp-element-button\" download aria-describedby=\"wp-block-file--media-9a745adc-5acc-4880-a587-98a3218cb25f\">T\u00e9l\u00e9charger<\/a><\/div>\n","protected":false},"excerpt":{"rendered":"<p>2025-2026 COURS ET ATELIERS MUSIQUE A BERCK SUR MER Description des ateliers&nbsp;: GUITARE et CHANSONS Apprendre \u00e0 jouer de la guitare et \u00e0 chanter en m\u00eame temps en groupe et de mani\u00e8re conviviale, gr\u00e2ce \u00e0 un vaste r\u00e9pertoire de chansons fran\u00e7aises et internationales, selon une m\u00e9thode ludique et progressive. De nombreux styles sont abord\u00e9s&nbsp;: folk,&hellip; <a class=\"more-link\" href=\"https:\/\/brunomursic.fr\/index.php\/association-si-becarre\/\">Poursuivre la lecture <span class=\"screen-reader-text\">Association Si B\u00e9carre<\/span><\/a><\/p>\n","protected":false},"author":1,"featured_media":0,"parent":0,"menu_order":0,"comment_status":"closed","ping_status":"closed","template":"","meta":{"footnotes":""},"class_list":["post-401","page","type-page","status-publish","hentry","entry"],"_links":{"self":[{"href":"https:\/\/brunomursic.fr\/index.php\/wp-json\/wp\/v2\/pages\/401","targetHints":{"allow":["GET"]}}],"collection":[{"href":"https:\/\/brunomursic.fr\/index.php\/wp-json\/wp\/v2\/pages"}],"about":[{"href":"https:\/\/brunomursic.fr\/index.php\/wp-json\/wp\/v2\/types\/page"}],"author":[{"embeddable":true,"href":"https:\/\/brunomursic.fr\/index.php\/wp-json\/wp\/v2\/users\/1"}],"replies":[{"embeddable":true,"href":"https:\/\/brunomursic.fr\/index.php\/wp-json\/wp\/v2\/comments?post=401"}],"version-history":[{"count":4,"href":"https:\/\/brunomursic.fr\/index.php\/wp-json\/wp\/v2\/pages\/401\/revisions"}],"predecessor-version":[{"id":445,"href":"https:\/\/brunomursic.fr\/index.php\/wp-json\/wp\/v2\/pages\/401\/revisions\/445"}],"wp:attachment":[{"href":"https:\/\/brunomursic.fr\/index.php\/wp-json\/wp\/v2\/media?parent=401"}],"curies":[{"name":"wp","href":"https:\/\/api.w.org\/{rel}","templated":true}]}}